{"id":1465,"date":"2025-01-29T11:46:04","date_gmt":"2025-01-29T11:46:04","guid":{"rendered":"https:\/\/zwikbystrzyca.pl\/?page_id=1465"},"modified":"2025-12-15T11:11:37","modified_gmt":"2025-12-15T11:11:37","slug":"osady-sciekowe-2025","status":"publish","type":"page","link":"https:\/\/zwikbystrzyca.pl\/?page_id=1465","title":{"rendered":"Osady \u015aciekowe 2025 (1)"},"content":{"rendered":"<p style=\"text-align: right;\"><span style=\"color: #ff0000;\">03.03.2025 r.<\/span><\/p>\n<p style=\"text-align: center;\"><span style=\"color: #000000;\"><strong>ODBI\u00d3R, TRANSPORT I ZAGOSPODAROWANIE KOMUNALNYCH OSAD\u00d3W \u015aCIEKOWYCH<br \/>\nZ OCZYSZCZALNI \u015aCIEK\u00d3W W BYSTRZYCY K\u0141ODZKIEJ<\/strong><\/span><\/p>\n<p style=\"text-align: center;\"><a href=\"https:\/\/zwikbystrzyca.pl\/wp-content\/uploads\/2025\/04\/wynik_postepowania_08042025.pdf\">OG\u0141OSZENIE O WYNIKU POST\u0118POWANIA<\/a><\/p>\n<p>&nbsp;<\/p>\n<p>&nbsp;<\/p>\n<hr \/>\n<p style=\"text-align: right;\"><span style=\"color: #ff0000;\">03.03.2025 r.<\/span><\/p>\n<p style=\"text-align: center;\"><span style=\"color: #000000;\"><strong>ODBI\u00d3R, TRANSPORT I ZAGOSPODAROWANIE KOMUNALNYCH OSAD\u00d3W \u015aCIEKOWYCH<br \/>\nZ OCZYSZCZALNI \u015aCIEK\u00d3W W BYSTRZYCY K\u0141ODZKIEJ<\/strong><\/span><\/p>\n<p style=\"text-align: center;\"><a href=\"https:\/\/serwer1880945.home.pl\/pliki\/osady\/2025\/informacja_wybor_oferty_03032025.pdf\">INFORMACJA O WYBORZE OFERTY<\/a><\/p>\n<p>&nbsp;<\/p>\n<p>&nbsp;<\/p>\n<hr \/>\n<p style=\"text-align: right;\"><span style=\"color: #ff0000;\">12.02.2025 r.<\/span><\/p>\n<p style=\"text-align: center;\"><span style=\"color: #000000;\"><strong>ODBI\u00d3R, TRANSPORT I ZAGOSPODAROWANIE KOMUNALNYCH OSAD\u00d3W \u015aCIEKOWYCH<br \/>\nZ OCZYSZCZALNI \u015aCIEK\u00d3W W BYSTRZYCY K\u0141ODZKIEJ<\/strong><\/span><\/p>\n<p style=\"text-align: center;\"><a href=\"https:\/\/zwikbystrzyca.pl\/wp-content\/uploads\/2025\/02\/kwota_sfinansowania.pdf\">KWOTA PRZEZNACZONA NA SFINANSOWANIE<\/a><\/p>\n<p style=\"text-align: center;\"><a href=\"https:\/\/zwikbystrzyca.pl\/wp-content\/uploads\/2025\/02\/inf_otwarcie_ofert_2025.pdf\">INFORMACJA Z OTWARCIA OFERT<\/a><\/p>\n<p>&nbsp;<\/p>\n<hr \/>\n<p style=\"text-align: right;\"><span style=\"color: #ff0000;\">31.01.2025 r.<\/span><\/p>\n<p style=\"text-align: center;\"><span style=\"color: #000000;\"><strong>ODBI\u00d3R, TRANSPORT I ZAGOSPODAROWANIE KOMUNALNYCH OSAD\u00d3W \u015aCIEKOWYCH<br \/>\nZ OCZYSZCZALNI \u015aCIEK\u00d3W W BYSTRZYCY K\u0141ODZKIEJ<\/strong><\/span><\/p>\n<p style=\"text-align: center;\"><a href=\"https:\/\/serwer1880945.home.pl\/pliki\/osady\/2025\/odpowiedzi31012025.pdf\">ODPOWIEDZI NA PYTANIA Z DNIA 31.01.2025 R.<\/a><\/p>\n<p>&nbsp;<\/p>\n<hr \/>\n<p style=\"text-align: right;\"><span style=\"color: #ff0000;\">29.01.2025 r.<\/span><\/p>\n<p style=\"text-align: center;\"><span style=\"color: #000000;\"><strong>ODBI\u00d3R, TRANSPORT I ZAGOSPODAROWANIE KOMUNALNYCH OSAD\u00d3W \u015aCIEKOWYCH<br \/>\nZ OCZYSZCZALNI \u015aCIEK\u00d3W W BYSTRZYCY K\u0141ODZKIEJ<\/strong><\/span><\/p>\n<p style=\"text-align: center;\"><a href=\"https:\/\/serwer1880945.home.pl\/pliki\/osady\/2025\/ogloszenie_o_zamowieniu.pdf\">OG\u0141OSZENIE O ZAM\u00d3WIENIU<\/a><\/p>\n<p style=\"text-align: center;\"><a href=\"https:\/\/serwer1880945.home.pl\/pliki\/osady\/2025\/swz.pdf\">SWZ<\/a><\/p>\n<p style=\"text-align: center;\"><a href=\"https:\/\/serwer1880945.home.pl\/pliki\/osady\/2025\/formularz_ofertowy.docx\">FORMULARZ OFERTOWY (zal. nr 1)<\/a><\/p>\n<p style=\"text-align: center;\"><a href=\"https:\/\/serwer1880945.home.pl\/pliki\/osady\/2025\/oswiadczeniezal2.docx\">O\u015aWIADCZENIE (zal. nr 2)<\/a><\/p>\n<p style=\"text-align: center;\"><a href=\"https:\/\/serwer1880945.home.pl\/pliki\/osady\/2025\/wykaz_uslug.docx\">WYKAZ US\u0141UG (zal. nr 3)<\/a><\/p>\n<p style=\"text-align: center;\"><a href=\"https:\/\/serwer1880945.home.pl\/pliki\/osady\/2025\/wykaz_sprzetu.docx\">WYKAZ SPRZ\u0118TU (zal. nr 4)<\/a><\/p>\n<p style=\"text-align: center;\"><a href=\"https:\/\/serwer1880945.home.pl\/pliki\/osady\/2025\/wzor_zobowiazania.docx\">WZ\u00d3R ZOBOWI\u0104ZANIA (zal. nr 5)<\/a><\/p>\n<p style=\"text-align: center;\"><a href=\"https:\/\/serwer1880945.home.pl\/pliki\/osady\/2025\/umowa.docx\">UMOWA (zal. nr 6)<\/a><\/p>\n<p style=\"text-align: center;\"><a href=\"https:\/\/serwer1880945.home.pl\/pliki\/osady\/2025\/zal1doumowy.docx\">OPIS SPOSOBU ZAGOSPODAROWANIA (zal. nr 1 do umowy)<\/a><\/p>\n<p style=\"text-align: center;\"><a href=\"https:\/\/serwer1880945.home.pl\/pliki\/osady\/2025\/sprawozdanie_z_badan.pdf\">SPRAWOZDANIE<\/a><\/p>\n<p style=\"text-align: center;\"><span style=\"color: #000000;\"><strong>Adres strony internetowej prowadzonego post\u0119powania:<\/strong><\/span><\/p>\n<p style=\"text-align: center;\"><a href=\"https:\/\/ezamowienia.gov.pl\/mp-client\/search\/list\/ocds-148610-1abad71c-84ba-4664-9ae9-b1db940d16ab\">https:\/\/ezamowienia.gov.pl\/mp-client\/search\/list\/ocds-148610-1abad71c-84ba-4664-9ae9-b1db940d16ab<\/a><\/p>\n","protected":false},"excerpt":{"rendered":"<p>03.03.2025 r. ODBI\u00d3R, TRANSPORT I ZAGOSPODAROWANIE KOMUNALNYCH OSAD\u00d3W \u015aCIEKOWYCH Z OCZYSZCZALNI \u015aCIEK\u00d3W W BYSTRZYCY K\u0141ODZKIEJ OG\u0141OSZENIE O WYNIKU POST\u0118POWANIA &nbsp; &nbsp; 03.03.2025 r. ODBI\u00d3R, TRANSPORT I ZAGOSPODAROWANIE KOMUNALNYCH OSAD\u00d3W \u015aCIEKOWYCH Z OCZYSZCZALNI \u015aCIEK\u00d3W W BYSTRZYCY K\u0141ODZKIEJ INFORMACJA O WYBORZE OFERTY &nbsp; &nbsp; 12.02.2025 r. ODBI\u00d3R, TRANSPORT I ZAGOSPODAROWANIE KOMUNALNYCH OSAD\u00d3W &hellip;<\/p>\n","protected":false},"author":2,"featured_media":0,"parent":1396,"menu_order":1,"comment_status":"closed","ping_status":"closed","template":"","meta":{"footnotes":""},"class_list":["post-1465","page","type-page","status-publish","hentry"],"_links":{"self":[{"href":"https:\/\/zwikbystrzyca.pl\/index.php?rest_route=\/wp\/v2\/pages\/1465","targetHints":{"allow":["GET"]}}],"collection":[{"href":"https:\/\/zwikbystrzyca.pl\/index.php?rest_route=\/wp\/v2\/pages"}],"about":[{"href":"https:\/\/zwikbystrzyca.pl\/index.php?rest_route=\/wp\/v2\/types\/page"}],"author":[{"embeddable":true,"href":"https:\/\/zwikbystrzyca.pl\/index.php?rest_route=\/wp\/v2\/users\/2"}],"replies":[{"embeddable":true,"href":"https:\/\/zwikbystrzyca.pl\/index.php?rest_route=%2Fwp%2Fv2%2Fcomments&post=1465"}],"version-history":[{"count":9,"href":"https:\/\/zwikbystrzyca.pl\/index.php?rest_route=\/wp\/v2\/pages\/1465\/revisions"}],"predecessor-version":[{"id":1517,"href":"https:\/\/zwikbystrzyca.pl\/index.php?rest_route=\/wp\/v2\/pages\/1465\/revisions\/1517"}],"up":[{"embeddable":true,"href":"https:\/\/zwikbystrzyca.pl\/index.php?rest_route=\/wp\/v2\/pages\/1396"}],"wp:attachment":[{"href":"https:\/\/zwikbystrzyca.pl\/index.php?rest_route=%2Fwp%2Fv2%2Fmedia&parent=1465"}],"curies":[{"name":"wp","href":"https:\/\/api.w.org\/{rel}","templated":true}]}}