{"id":176,"date":"2018-05-02T12:31:22","date_gmt":"2018-05-02T12:31:22","guid":{"rendered":"http:\/\/zwikbystrzyca.pl\/?page_id=176"},"modified":"2018-12-10T10:42:34","modified_gmt":"2018-12-10T10:42:34","slug":"fundusz-spojnosci-w-ramach-priorytetu-ii-ochrona-srodowiska-w-tym-adaptacja-do-zmian-klimatu-dzialanie-2-3-gospodarka-wodno-sciekowa-w-aglomeracjach","status":"publish","type":"page","link":"https:\/\/zwikbystrzyca.pl\/?page_id=176","title":{"rendered":"Fundusz Sp\u00f3jno\u015bci (2014-2020)"},"content":{"rendered":"<p style=\"text-align: center;\"><img loading=\"lazy\" decoding=\"async\" class=\"wp-image-456 size-large aligncenter\" src=\"https:\/\/zwikbystrzyca.pl\/wp-content\/uploads\/2018\/05\/logo-1024x133.jpg\" sizes=\"auto, (max-width: 1024px) 100vw, 1024px\" srcset=\"https:\/\/zwikbystrzyca.pl\/wp-content\/uploads\/2018\/05\/logo-1024x133.jpg 1024w, https:\/\/zwikbystrzyca.pl\/wp-content\/uploads\/2018\/05\/logo-300x39.jpg 300w, https:\/\/zwikbystrzyca.pl\/wp-content\/uploads\/2018\/05\/logo-768x100.jpg 768w, https:\/\/zwikbystrzyca.pl\/wp-content\/uploads\/2018\/05\/logo-685x89.jpg 685w, https:\/\/zwikbystrzyca.pl\/wp-content\/uploads\/2018\/05\/logo.jpg 1229w\" alt=\"\" width=\"1024\" height=\"133\" \/><\/p>\n<p style=\"text-align: center;\"><strong>\u201eRozw\u00f3j i modernizacja infrastruktury wodno-\u015bciekowej w\u00a0Aglomeracji Bystrzyca K\u0142odzka, 2016-2020\u201d<br \/>\n<\/strong>Program Operacyjny Infrastruktura i \u015arodowisko 2014-2020<br \/>\nPriorytet II Ochrona \u015brodowiska, w tym adaptacja do zmian klimatu<br \/>\nDzia\u0142anie 2.3 Gospodarka wodno-\u015bciekowa w aglomeracjach<\/p>\n<ul>\n<li><a href=\"https:\/\/zwikbystrzyca.pl\/?page_id=583\">O PROJEKCIE<\/a><\/li>\n<li><a href=\"https:\/\/zwikbystrzyca.pl\/?page_id=560\">AKTUALNO\u015aCI<\/a><\/li>\n<li><a href=\"https:\/\/zwikbystrzyca.pl\/?page_id=603\">JEDNOSTKA REALIZUJ\u0104CA PROJEKT<\/a><\/li>\n<li><a href=\"https:\/\/zwikbystrzyca.pl\/?page_id=615\">PRZETARGI<\/a><\/li>\n<li><a href=\"https:\/\/zwikbystrzyca.pl\/?page_id=661\">PROMOCJA<\/a><\/li>\n<li><a href=\"https:\/\/zwikbystrzyca.pl\/?page_id=674\">GALERIA<\/a><\/li>\n<li><a href=\"https:\/\/zwikbystrzyca.pl\/?page_id=600\">ZG\u0141ASZANIE NIEPRAWID\u0141OWO\u015aCI LUB NADU\u017bY\u0106<\/a><\/li>\n<\/ul>\n","protected":false},"excerpt":{"rendered":"<p>\u201eRozw\u00f3j i modernizacja infrastruktury wodno-\u015bciekowej w\u00a0Aglomeracji Bystrzyca K\u0142odzka, 2016-2020\u201d Program Operacyjny Infrastruktura i \u015arodowisko 2014-2020 Priorytet II Ochrona \u015brodowiska, w tym adaptacja do zmian klimatu Dzia\u0142anie 2.3 Gospodarka wodno-\u015bciekowa w aglomeracjach O PROJEKCIE AKTUALNO\u015aCI JEDNOSTKA REALIZUJ\u0104CA PROJEKT PRZETARGI PROMOCJA GALERIA ZG\u0141ASZANIE NIEPRAWID\u0141OWO\u015aCI LUB NADU\u017bY\u0106<\/p>\n","protected":false},"author":2,"featured_media":0,"parent":284,"menu_order":2,"comment_status":"closed","ping_status":"closed","template":"","meta":{"footnotes":""},"class_list":["post-176","page","type-page","status-publish","hentry"],"_links":{"self":[{"href":"https:\/\/zwikbystrzyca.pl\/index.php?rest_route=\/wp\/v2\/pages\/176","targetHints":{"allow":["GET"]}}],"collection":[{"href":"https:\/\/zwikbystrzyca.pl\/index.php?rest_route=\/wp\/v2\/pages"}],"about":[{"href":"https:\/\/zwikbystrzyca.pl\/index.php?rest_route=\/wp\/v2\/types\/page"}],"author":[{"embeddable":true,"href":"https:\/\/zwikbystrzyca.pl\/index.php?rest_route=\/wp\/v2\/users\/2"}],"replies":[{"embeddable":true,"href":"https:\/\/zwikbystrzyca.pl\/index.php?rest_route=%2Fwp%2Fv2%2Fcomments&post=176"}],"version-history":[{"count":30,"href":"https:\/\/zwikbystrzyca.pl\/index.php?rest_route=\/wp\/v2\/pages\/176\/revisions"}],"predecessor-version":[{"id":708,"href":"https:\/\/zwikbystrzyca.pl\/index.php?rest_route=\/wp\/v2\/pages\/176\/revisions\/708"}],"up":[{"embeddable":true,"href":"https:\/\/zwikbystrzyca.pl\/index.php?rest_route=\/wp\/v2\/pages\/284"}],"wp:attachment":[{"href":"https:\/\/zwikbystrzyca.pl\/index.php?rest_route=%2Fwp%2Fv2%2Fmedia&parent=176"}],"curies":[{"name":"wp","href":"https:\/\/api.w.org\/{rel}","templated":true}]}}