{"id":607,"date":"2018-07-19T11:27:26","date_gmt":"2018-07-19T11:27:26","guid":{"rendered":"https:\/\/zwikbystrzyca.pl\/?page_id=607"},"modified":"2018-07-19T11:27:41","modified_gmt":"2018-07-19T11:27:41","slug":"zespol-zadaniowy","status":"publish","type":"page","link":"https:\/\/zwikbystrzyca.pl\/?page_id=607","title":{"rendered":"ZESP\u00d3\u0141 ZADANIOWY"},"content":{"rendered":"<p><img loading=\"lazy\" decoding=\"async\" class=\"wp-image-456 size-large aligncenter\" src=\"https:\/\/zwikbystrzyca.pl\/wp-content\/uploads\/2018\/05\/logo-1024x133.jpg\" sizes=\"auto, (max-width: 1024px) 100vw, 1024px\" srcset=\"https:\/\/zwikbystrzyca.pl\/wp-content\/uploads\/2018\/05\/logo-1024x133.jpg 1024w, https:\/\/zwikbystrzyca.pl\/wp-content\/uploads\/2018\/05\/logo-300x39.jpg 300w, https:\/\/zwikbystrzyca.pl\/wp-content\/uploads\/2018\/05\/logo-768x100.jpg 768w, https:\/\/zwikbystrzyca.pl\/wp-content\/uploads\/2018\/05\/logo-685x89.jpg 685w, https:\/\/zwikbystrzyca.pl\/wp-content\/uploads\/2018\/05\/logo.jpg 1229w\" alt=\"\" width=\"1024\" height=\"133\" \/><\/p>\n<p>&nbsp;<\/p>\n<p>Zespo\u0142em, kt\u00f3ry b\u0119dzie odpowiedzialny za zarz\u0105dzanie ca\u0142o\u015bci\u0105 przedsi\u0119wzi\u0119cia jest <strong>Zesp\u00f3\u0142 Zadaniowy<\/strong> utworzony z pracownik\u00f3w Sp\u00f3\u0142ki.<\/p>\n<p>Zesp\u00f3\u0142 Zadaniowy funkcjonuje w strukturach Zak\u0142adu Wodoci\u0105g\u00f3w i Kanalizacji Sp.\u00a0z\u00a0o.o. w Bystrzycy K\u0142odzkiej i s\u0105 to osoby, kt\u00f3re w latach 2014-2015 skutecznie zrealizowa\u0142y Projekt pn.: \u201eRozw\u00f3j i modernizacja infrastruktury wodno-\u015bciekowej w Aglomeracji Bystrzyca K\u0142odzka\u201d wsp\u00f3\u0142finansowany ze \u015brodk\u00f3w Programu Operacyjnego Infrastruktura i \u015arodowisko (o\u015b priorytetowa I &#8211; gospodarka wodno-\u015bciekowa, dzia\u0142anie 1.1 &#8211; gospodarka wodno-\u015bciekowa w aglomeracjach powy\u017cej 15 tys. RLM).<\/p>\n<p>Zesp\u00f3\u0142 Zadaniowy realizuje Projekt zgodnie wewn\u0119trznymi procedurami uwzgl\u0119dniaj\u0105cymi zasady zawierania um\u00f3w okre\u015blone w\u00a0\u201eWytycznych w zakresie kwalifikowania wydatk\u00f3w w ramach POIi\u015a 2014-2020\u201d.<\/p>\n<p>Do zasadniczych zada\u0144 Zespo\u0142u nale\u017cy:<\/p>\n<ul>\n<li>realizacja Projektu pn.: \u201eRozw\u00f3j i modernizacja infrastruktury wodno-\u015bciekowej w Aglomeracji Bystrzyca K\u0142odzka, 2016-2020\u201d,<\/li>\n<li>organizacja przygotowania dokumentacji przetargowej na wykonawstwo rob\u00f3t i us\u0142ug,<\/li>\n<li>wsp\u00f3\u0142praca z Instytucjami Zarz\u0105dzaj\u0105cymi, Wdra\u017caj\u0105cymi, Finansuj\u0105cymi,<\/li>\n<li>nadz\u00f3r i wsp\u00f3\u0142praca z wykonawcami rob\u00f3t przy wdra\u017caniu Projektu.<\/li>\n<\/ul>\n<p>Struktur\u0119 Zespo\u0142u Zadaniowego przedstawiono na schemacie:<\/p>\n<p><img loading=\"lazy\" decoding=\"async\" class=\"size-full wp-image-608 aligncenter\" src=\"https:\/\/zwikbystrzyca.pl\/wp-content\/uploads\/2018\/07\/GJU.png\" alt=\"\" width=\"956\" height=\"305\" srcset=\"https:\/\/zwikbystrzyca.pl\/wp-content\/uploads\/2018\/07\/GJU.png 956w, https:\/\/zwikbystrzyca.pl\/wp-content\/uploads\/2018\/07\/GJU-300x96.png 300w, https:\/\/zwikbystrzyca.pl\/wp-content\/uploads\/2018\/07\/GJU-768x245.png 768w, https:\/\/zwikbystrzyca.pl\/wp-content\/uploads\/2018\/07\/GJU-568x181.png 568w\" sizes=\"auto, (max-width: 956px) 100vw, 956px\" \/><\/p>\n<p>&nbsp;<\/p>\n","protected":false},"excerpt":{"rendered":"<p>&nbsp; Zespo\u0142em, kt\u00f3ry b\u0119dzie odpowiedzialny za zarz\u0105dzanie ca\u0142o\u015bci\u0105 przedsi\u0119wzi\u0119cia jest Zesp\u00f3\u0142 Zadaniowy utworzony z pracownik\u00f3w Sp\u00f3\u0142ki. Zesp\u00f3\u0142 Zadaniowy funkcjonuje w strukturach Zak\u0142adu Wodoci\u0105g\u00f3w i Kanalizacji Sp.\u00a0z\u00a0o.o. w Bystrzycy K\u0142odzkiej i s\u0105 to osoby, kt\u00f3re w latach 2014-2015 skutecznie zrealizowa\u0142y Projekt pn.: \u201eRozw\u00f3j i modernizacja infrastruktury wodno-\u015bciekowej w Aglomeracji Bystrzyca K\u0142odzka\u201d &hellip;<\/p>\n","protected":false},"author":2,"featured_media":0,"parent":603,"menu_order":1,"comment_status":"closed","ping_status":"closed","template":"","meta":{"footnotes":""},"class_list":["post-607","page","type-page","status-publish","hentry"],"_links":{"self":[{"href":"https:\/\/zwikbystrzyca.pl\/index.php?rest_route=\/wp\/v2\/pages\/607","targetHints":{"allow":["GET"]}}],"collection":[{"href":"https:\/\/zwikbystrzyca.pl\/index.php?rest_route=\/wp\/v2\/pages"}],"about":[{"href":"https:\/\/zwikbystrzyca.pl\/index.php?rest_route=\/wp\/v2\/types\/page"}],"author":[{"embeddable":true,"href":"https:\/\/zwikbystrzyca.pl\/index.php?rest_route=\/wp\/v2\/users\/2"}],"replies":[{"embeddable":true,"href":"https:\/\/zwikbystrzyca.pl\/index.php?rest_route=%2Fwp%2Fv2%2Fcomments&post=607"}],"version-history":[{"count":1,"href":"https:\/\/zwikbystrzyca.pl\/index.php?rest_route=\/wp\/v2\/pages\/607\/revisions"}],"predecessor-version":[{"id":609,"href":"https:\/\/zwikbystrzyca.pl\/index.php?rest_route=\/wp\/v2\/pages\/607\/revisions\/609"}],"up":[{"embeddable":true,"href":"https:\/\/zwikbystrzyca.pl\/index.php?rest_route=\/wp\/v2\/pages\/603"}],"wp:attachment":[{"href":"https:\/\/zwikbystrzyca.pl\/index.php?rest_route=%2Fwp%2Fv2%2Fmedia&parent=607"}],"curies":[{"name":"wp","href":"https:\/\/api.w.org\/{rel}","templated":true}]}}